{"id":15,"date":"2024-05-26T11:42:41","date_gmt":"2024-05-26T09:42:41","guid":{"rendered":"https:\/\/www.apostolydent.cz\/?page_id=15"},"modified":"2024-07-14T21:10:01","modified_gmt":"2024-07-14T19:10:01","slug":"sluzby","status":"publish","type":"page","link":"https:\/\/www.apostolydent.cz\/uk\/sluzby\/","title":{"rendered":"\u041f\u043e\u0441\u043b\u0443\u0433\u0438"},"content":{"rendered":"<div id=\"fws_69f1cf879e179\"  data-column-margin=\"default\" data-midnight=\"dark\" data-top-percent=\"6%\" data-bottom-percent=\"6%\"  class=\"wpb_row vc_row-fluid vc_row full-width-section vc_row-o-equal-height vc_row-flex vc_row-o-content-middle\"  style=\"padding-top: calc(100vw * 0.06); padding-bottom: calc(100vw * 0.06); \"><div class=\"row-bg-wrap\" data-bg-animation=\"none\" data-bg-animation-delay=\"\" data-bg-overlay=\"true\"><div class=\"inner-wrap row-bg-layer\" ><div class=\"row-bg viewport-desktop using-bg-color\"  style=\"background-color: #ffffff; \"><\/div><\/div><div class=\"row-bg-overlay row-bg-layer\" style=\"background-color:#ffffff;  opacity: 1; \"><\/div><\/div><div class=\"row_col_wrap_12 col span_12 dark left\">\n\t<div  class=\"vc_col-sm-12 wpb_column column_container vc_column_container col no-extra-padding inherit_tablet inherit_phone\"  data-padding-pos=\"right\" data-has-bg-color=\"false\" data-bg-color=\"\" data-bg-opacity=\"1\" data-animation=\"\" data-delay=\"0\" >\n\t\t<div class=\"vc_column-inner\" >\n\t\t\t<div class=\"wpb_wrapper\">\n\t\t\t\t<div id=\"fws_69f1cf879e90b\" data-midnight=\"\" data-column-margin=\"20px\" class=\"wpb_row vc_row-fluid vc_row inner_row\"  style=\"\"><div class=\"row-bg-wrap\"> <div class=\"row-bg\" ><\/div> <\/div><div class=\"row_col_wrap_12_inner col span_12  left\">\n\t<div  class=\"vc_col-sm-4 wpb_column column_container vc_column_container col child_column has-animation no-extra-padding inherit_tablet inherit_phone\"   data-padding-pos=\"all\" data-has-bg-color=\"false\" data-bg-color=\"\" data-bg-opacity=\"1\" data-animation=\"fade-in-from-bottom\" data-delay=\"0\" >\n\t\t<div class=\"vc_column-inner\" >\n\t\t<div class=\"wpb_wrapper\">\n\t\t\t<div class=\"nectar-fancy-box using-img\" style=\"min-height: 350px\" data-style=\"hover_desc\" data-border-radius=\"5px\" data-animation=\"\" data-bg-animation=\"long_zoom\" data-border=\"\" data-delay=\"\" data-alignment=\"left\" data-color=\"extra-color-2\" ><div class=\"box-bg\"  data-nectar-img-src=\"https:\/\/www.apostolydent.cz\/wp-content\/uploads\/2024\/06\/0097-scaled.jpg\"><\/div><div class=\"inner\"><div class=\"heading-wrap\"><img style=\"max-width: 40px;\" class=\"fancy-box-custom-icon nectar-lazy\" alt=\"\" data-nectar-img-src=\"https:\/\/www.apostolydent.cz\/wp-content\/uploads\/2024\/07\/\u0420\u0435\u0441\u0443\u0440\u0441-4@3x.png\" \/>\n<h3>\u041f\u0440\u043e\u0444\u0456\u043b\u0430\u043a\u0442\u0438\u0447\u043d\u0430 \u0441\u0442\u043e\u043c\u0430\u0442\u043e\u043b\u043e\u0433\u0456\u044f<\/h3>\n<\/div><div class=\"hover-content\">\u0420\u0435\u0433\u0443\u043b\u044f\u0440\u043d\u0456 \u043e\u0433\u043b\u044f\u0434\u0438 \u0442\u0430 \u0433\u0456\u0433\u0456\u0454\u043d\u0456\u0447\u043d\u0456 \u043f\u0440\u043e\u0446\u0435\u0434\u0443\u0440\u0438 \u0434\u043b\u044f \u0437\u0431\u0435\u0440\u0435\u0436\u0435\u043d\u043d\u044f \u0437\u0434\u043e\u0440\u043e\u0432\u2019\u044f \u0437\u0443\u0431\u0456\u0432.<\/div><\/div>  <a  href=\"https:\/\/www.apostolydent.cz\/uk\/portfolio\/preventivni-stomatologie\/\" class=\"box-link\"><\/a> <\/div>\n\t\t<\/div> \n\t<\/div>\n\t<\/div> \n\n\t<div  class=\"vc_col-sm-4 wpb_column column_container vc_column_container col child_column has-animation no-extra-padding inherit_tablet inherit_phone\"   data-padding-pos=\"all\" data-has-bg-color=\"false\" data-bg-color=\"\" data-bg-opacity=\"1\" data-animation=\"fade-in-from-bottom\" data-delay=\"100\" >\n\t\t<div class=\"vc_column-inner\" >\n\t\t<div class=\"wpb_wrapper\">\n\t\t\t<div class=\"nectar-fancy-box using-img\" style=\"min-height: 350px\" data-style=\"hover_desc\" data-border-radius=\"5px\" data-animation=\"\" data-bg-animation=\"long_zoom\" data-border=\"\" data-delay=\"\" data-alignment=\"left\" data-color=\"extra-color-2\" ><div class=\"box-bg\"  data-nectar-img-src=\"https:\/\/www.apostolydent.cz\/wp-content\/uploads\/2024\/06\/0017-scaled.jpg\"><\/div><div class=\"inner\"><div class=\"heading-wrap\"><img style=\"max-width: 40px;\" class=\"fancy-box-custom-icon nectar-lazy\" alt=\"\" data-nectar-img-src=\"https:\/\/www.apostolydent.cz\/wp-content\/uploads\/2024\/07\/\u0420\u0435\u0441\u0443\u0440\u0441-7@3x.png\" \/>\n<h3>\u0406\u043c\u043f\u043b\u0430\u043d\u0442\u043e\u043b\u043e\u0433\u0456\u044f<\/h3>\n<\/div><div class=\"hover-content\">\u0421\u0443\u0447\u0430\u0441\u043d\u0456 \u0440\u0456\u0448\u0435\u043d\u043d\u044f \u0437\u0443\u0431\u043d\u0438\u0445 \u0456\u043c\u043f\u043b\u0430\u043d\u0442\u0430\u0442\u0456\u0432 \u0434\u043b\u044f \u0437\u0430\u043c\u0456\u043d\u0438 \u0432\u0442\u0440\u0430\u0447\u0435\u043d\u0438\u0445 \u0437\u0443\u0431\u0456\u0432.<\/div><\/div>  <a  href=\"https:\/\/www.apostolydent.cz\/uk\/portfolio\/implantologie\/\" class=\"box-link\"><\/a> <\/div>\n\t\t<\/div> \n\t<\/div>\n\t<\/div> \n\n\t<div  class=\"vc_col-sm-4 wpb_column column_container vc_column_container col child_column has-animation no-extra-padding inherit_tablet inherit_phone\"   data-padding-pos=\"all\" data-has-bg-color=\"false\" data-bg-color=\"\" data-bg-opacity=\"1\" data-animation=\"fade-in-from-bottom\" data-delay=\"200\" >\n\t\t<div class=\"vc_column-inner\" >\n\t\t<div class=\"wpb_wrapper\">\n\t\t\t<div class=\"nectar-fancy-box using-img\" style=\"min-height: 350px\" data-style=\"hover_desc\" data-border-radius=\"5px\" data-animation=\"\" data-bg-animation=\"long_zoom\" data-border=\"\" data-delay=\"\" data-alignment=\"left\" data-color=\"extra-color-2\" ><div class=\"box-bg\"  data-nectar-img-src=\"https:\/\/www.apostolydent.cz\/wp-content\/uploads\/2024\/06\/0060-scaled.jpg\"><\/div><div class=\"inner\"><div class=\"heading-wrap\"><img style=\"max-width: 40px;\" class=\"fancy-box-custom-icon nectar-lazy\" alt=\"\" data-nectar-img-src=\"https:\/\/www.apostolydent.cz\/wp-content\/uploads\/2024\/07\/\u0420\u0435\u0441\u0443\u0440\u0441-9@3x.png\" \/>\n<h3>\u0425\u0456\u0440\u0443\u0440\u0433\u0456\u0447\u043d\u0430 \u0441\u0442\u043e\u043c\u0430\u0442\u043e\u043b\u043e\u0433\u0456\u044f<\/h3>\n<\/div><div class=\"hover-content\">\u0412\u0438\u0434\u0430\u043b\u0435\u043d\u043d\u044f \u0437\u0443\u0431\u0456\u0432 \u0442\u0430 \u0445\u0456\u0440\u0443\u0440\u0433\u0456\u0447\u043d\u0456 \u0432\u0442\u0440\u0443\u0447\u0430\u043d\u043d\u044f \u0431\u0435\u0437\u043f\u043e\u0441\u0435\u0440\u0435\u0434\u043d\u044c\u043e \u0432 \u043d\u0430\u0448\u0456\u0439 \u043a\u043b\u0456\u043d\u0456\u0446\u0456.<\/div><\/div>  <a  href=\"https:\/\/www.apostolydent.cz\/uk\/portfolio\/chirurgicka-stomatologie\/\" class=\"box-link\"><\/a> <\/div>\n\t\t<\/div> \n\t<\/div>\n\t<\/div> \n<\/div><\/div><div id=\"fws_69f1cf87a09a5\" data-midnight=\"\" data-column-margin=\"20px\" class=\"wpb_row vc_row-fluid vc_row inner_row\"  style=\"\"><div class=\"row-bg-wrap\"> <div class=\"row-bg\" ><\/div> <\/div><div class=\"row_col_wrap_12_inner col span_12  left\">\n\t<div  class=\"vc_col-sm-4 wpb_column column_container vc_column_container col child_column has-animation no-extra-padding inherit_tablet inherit_phone\"   data-padding-pos=\"all\" data-has-bg-color=\"false\" data-bg-color=\"\" data-bg-opacity=\"1\" data-animation=\"fade-in-from-bottom\" data-delay=\"0\" >\n\t\t<div class=\"vc_column-inner\" >\n\t\t<div class=\"wpb_wrapper\">\n\t\t\t<div class=\"nectar-fancy-box using-img\" style=\"min-height: 350px\" data-style=\"hover_desc\" data-border-radius=\"5px\" data-animation=\"\" data-bg-animation=\"long_zoom\" data-border=\"\" data-delay=\"\" data-alignment=\"left\" data-color=\"extra-color-2\" ><div class=\"box-bg\"  data-nectar-img-src=\"https:\/\/www.apostolydent.cz\/wp-content\/uploads\/2024\/06\/0089-scaled.jpg\"><\/div><div class=\"inner\"><div class=\"heading-wrap\"><img style=\"max-width: 40px;\" class=\"fancy-box-custom-icon nectar-lazy\" alt=\"\" data-nectar-img-src=\"https:\/\/www.apostolydent.cz\/wp-content\/uploads\/2024\/07\/\u0420\u0435\u0441\u0443\u0440\u0441-8@3x.png\" \/>\n<h3>\u041e\u0440\u0442\u043e\u043f\u0435\u0434\u0438\u0447\u043d\u0430 \u0442\u0430 \u043f\u0440\u043e\u0442\u0435\u0442\u0438\u0447\u043d\u0430 \u0441\u0442\u043e\u043c\u0430\u0442\u043e\u043b\u043e\u0433\u0456\u044f<\/h3>\n<\/div><div class=\"hover-content\">\u041d\u0430\u0448\u0456 \u043e\u0440\u0442\u043e\u0434\u043e\u043d\u0442\u0438 \u043f\u0440\u0430\u0446\u044e\u044e\u0442\u044c \u0437 \u043d\u043e\u0432\u0456\u0442\u043d\u0456\u043c\u0438 \u043c\u0435\u0442\u043e\u0434\u0430\u043c\u0438 \u0442\u0430 \u043c\u0430\u0442\u0435\u0440\u0456\u0430\u043b\u0430\u043c\u0438, \u0449\u043e\u0431 \u0437\u0430\u0431\u0435\u0437\u043f\u0435\u0447\u0438\u0442\u0438 \u0432\u0430\u043c \u043c\u0430\u043a\u0441\u0438\u043c\u0430\u043b\u044c\u043d\u043e \u043a\u043e\u043c\u0444\u043e\u0440\u0442\u043d\u0435 \u0442\u0430 \u0435\u0444\u0435\u043a\u0442\u0438\u0432\u043d\u0435 \u043b\u0456\u043a\u0443\u0432\u0430\u043d\u043d\u044f.<\/div><\/div>  <a  href=\"https:\/\/www.apostolydent.cz\/uk\/portfolio\/ortopedicka-a-proteticka\/\" class=\"box-link\"><\/a> <\/div>\n\t\t<\/div> \n\t<\/div>\n\t<\/div> \n\n\t<div  class=\"vc_col-sm-4 wpb_column column_container vc_column_container col child_column has-animation no-extra-padding inherit_tablet inherit_phone\"   data-padding-pos=\"all\" data-has-bg-color=\"false\" data-bg-color=\"\" data-bg-opacity=\"1\" data-animation=\"fade-in-from-bottom\" data-delay=\"100\" >\n\t\t<div class=\"vc_column-inner\" >\n\t\t<div class=\"wpb_wrapper\">\n\t\t\t<div class=\"nectar-fancy-box using-img\" style=\"min-height: 350px\" data-style=\"hover_desc\" data-border-radius=\"5px\" data-animation=\"\" data-bg-animation=\"long_zoom\" data-border=\"\" data-delay=\"\" data-alignment=\"left\" data-color=\"extra-color-2\" ><div class=\"box-bg\"  data-nectar-img-src=\"https:\/\/www.apostolydent.cz\/wp-content\/uploads\/2024\/06\/0032-scaled.jpg\"><\/div><div class=\"inner\"><div class=\"heading-wrap\"><img style=\"max-width: 40px;\" class=\"fancy-box-custom-icon nectar-lazy\" alt=\"\" data-nectar-img-src=\"https:\/\/www.apostolydent.cz\/wp-content\/uploads\/2024\/07\/\u0420\u0435\u0441\u0443\u0440\u0441-5@3x.png\" \/>\n<h3>\u0421\u0442\u043e\u043c\u0430\u0442\u043e\u043b\u043e\u0433\u0456\u0447\u043d\u0435 \u043b\u0456\u043a\u0443\u0432\u0430\u043d\u043d\u044f<\/h3>\n<\/div><div class=\"hover-content\">\u041f\u0440\u043e\u0444\u0456\u043b\u0430\u043a\u0442\u0438\u043a\u0430 \u2014 \u043e\u0441\u043d\u043e\u0432\u0430 \u0437\u0434\u043e\u0440\u043e\u0432\u0438\u0445 \u0437\u0443\u0431\u0456\u0432 \u0456 \u044f\u0441\u0435\u043d.<\/div><\/div>  <a  href=\"https:\/\/www.apostolydent.cz\/uk\/portfolio\/stomatologicke-osetreni\/\" class=\"box-link\"><\/a> <\/div>\n\t\t<\/div> \n\t<\/div>\n\t<\/div> \n\n\t<div  class=\"vc_col-sm-4 wpb_column column_container vc_column_container col child_column has-animation no-extra-padding inherit_tablet inherit_phone\"   data-padding-pos=\"all\" data-has-bg-color=\"false\" data-bg-color=\"\" data-bg-opacity=\"1\" data-animation=\"fade-in-from-bottom\" data-delay=\"200\" >\n\t\t<div class=\"vc_column-inner\" >\n\t\t<div class=\"wpb_wrapper\">\n\t\t\t<div class=\"nectar-fancy-box using-img\" style=\"min-height: 350px\" data-style=\"hover_desc\" data-border-radius=\"5px\" data-animation=\"\" data-bg-animation=\"long_zoom\" data-border=\"\" data-delay=\"\" data-alignment=\"left\" data-color=\"extra-color-2\" ><div class=\"box-bg\"  data-nectar-img-src=\"https:\/\/www.apostolydent.cz\/wp-content\/uploads\/2024\/06\/0054-scaled.jpg\"><\/div><div class=\"inner\"><div class=\"heading-wrap\"><img style=\"max-width: 40px;\" class=\"fancy-box-custom-icon nectar-lazy\" alt=\"\" data-nectar-img-src=\"https:\/\/www.apostolydent.cz\/wp-content\/uploads\/2024\/07\/\u0420\u0435\u0441\u0443\u0440\u0441-6@3x.png\" \/>\n<h3>\u0413\u0456\u0433\u0456\u0454\u043d\u0430 \u0437\u0443\u0431\u0456\u0432<\/h3>\n<\/div><div class=\"hover-content\">\u0420\u0435\u0433\u0443\u043b\u044f\u0440\u043d\u0435 \u043f\u0440\u043e\u0444\u0435\u0441\u0456\u0439\u043d\u0435 \u0447\u0438\u0449\u0435\u043d\u043d\u044f \u0437\u0443\u0431\u0456\u0432 \u0454 \u043a\u043b\u044e\u0447\u043e\u0432\u0438\u043c \u0434\u043b\u044f \u0432\u0438\u0434\u0430\u043b\u0435\u043d\u043d\u044f \u043d\u0430\u043b\u044c\u043e\u0442\u0443 \u0442\u0430 \u0437\u0443\u0431\u043d\u043e\u0433\u043e \u043a\u0430\u043c\u0435\u043d\u044e, \u044f\u043a\u0456 \u043d\u0435\u043c\u043e\u0436\u043b\u0438\u0432\u043e \u043f\u043e\u0432\u043d\u0456\u0441\u0442\u044e \u0443\u0441\u0443\u043d\u0443\u0442\u0438 \u0437\u0432\u0438\u0447\u0430\u0439\u043d\u0438\u043c \u0434\u043e\u043c\u0430\u0448\u043d\u0456\u043c \u0447\u0438\u0449\u0435\u043d\u043d\u044f\u043c.<\/div><\/div>  <a  href=\"https:\/\/www.apostolydent.cz\/uk\/portfolio\/dentalni-hygiena\/\" class=\"box-link\"><\/a> <\/div>\n\t\t<\/div> \n\t<\/div>\n\t<\/div> \n<\/div><\/div>\n\t\t\t<\/div> \n\t\t<\/div>\n\t<\/div> \n<\/div><\/div>","protected":false},"excerpt":{"rendered":"Preventivn\u00ed stomatologie Pravideln\u00e9 kontroly a hygienick\u00e9 o\u0161et\u0159en\u00ed pro udr\u017een\u00ed zdrav\u00e9ho chrupu. Implantologie Modern\u00ed \u0159e\u0161en\u00ed zubn\u00edch implant\u00e1t\u016f pro n\u00e1hradu chyb\u011bj\u00edc\u00edch zub\u016f. Chirurgick\u00e1 stomatologie Extrakce zub\u016f a chirurgick\u00e9 z\u00e1kroky p\u0159\u00edmo na na\u0161\u00ed...","protected":false},"author":1,"featured_media":0,"parent":0,"menu_order":0,"comment_status":"closed","ping_status":"closed","template":"","meta":{"footnotes":""},"class_list":["post-15","page","type-page","status-publish"],"yoast_head":"<!-- This site is optimized with the Yoast SEO plugin v26.8 - https:\/\/yoast.com\/product\/yoast-seo-wordpress\/ -->\n<title>Slu\u017eby - Apostolydent<\/title>\n<meta name=\"robots\" content=\"index, follow, max-snippet:-1, max-image-preview:large, max-video-preview:-1\" \/>\n<link rel=\"canonical\" href=\"https:\/\/www.apostolydent.cz\/uk\/sluzby\/\" \/>\n<meta property=\"og:locale\" content=\"uk_UA\" \/>\n<meta property=\"og:type\" content=\"article\" \/>\n<meta property=\"og:title\" content=\"Slu\u017eby - Apostolydent\" \/>\n<meta property=\"og:url\" content=\"https:\/\/www.apostolydent.cz\/uk\/sluzby\/\" \/>\n<meta property=\"og:site_name\" content=\"Apostolydent\" \/>\n<meta property=\"article:modified_time\" content=\"2024-07-14T19:10:01+00:00\" \/>\n<meta name=\"twitter:card\" content=\"summary_large_image\" \/>\n<meta name=\"twitter:label1\" content=\"\u041f\u0440\u0438\u0431\u043b. \u0447\u0430\u0441 \u0447\u0438\u0442\u0430\u043d\u043d\u044f\" \/>\n\t<meta name=\"twitter:data1\" content=\"7 \u0445\u0432\u0438\u043b\u0438\u043d\" \/>\n<script type=\"application\/ld+json\" class=\"yoast-schema-graph\">{\"@context\":\"https:\/\/schema.org\",\"@graph\":[{\"@type\":\"WebPage\",\"@id\":\"https:\/\/www.apostolydent.cz\/sluzby\/\",\"url\":\"https:\/\/www.apostolydent.cz\/sluzby\/\",\"name\":\"Slu\u017eby - Apostolydent\",\"isPartOf\":{\"@id\":\"https:\/\/www.apostolydent.cz\/#website\"},\"datePublished\":\"2024-05-26T09:42:41+00:00\",\"dateModified\":\"2024-07-14T19:10:01+00:00\",\"breadcrumb\":{\"@id\":\"https:\/\/www.apostolydent.cz\/sluzby\/#breadcrumb\"},\"inLanguage\":\"uk\",\"potentialAction\":[{\"@type\":\"ReadAction\",\"target\":[\"https:\/\/www.apostolydent.cz\/sluzby\/\"]}]},{\"@type\":\"BreadcrumbList\",\"@id\":\"https:\/\/www.apostolydent.cz\/sluzby\/#breadcrumb\",\"itemListElement\":[{\"@type\":\"ListItem\",\"position\":1,\"name\":\"\u0413\u043e\u043b\u043e\u0432\u043d\u0430\",\"item\":\"https:\/\/www.apostolydent.cz\/\"},{\"@type\":\"ListItem\",\"position\":2,\"name\":\"Slu\u017eby\"}]},{\"@type\":\"WebSite\",\"@id\":\"https:\/\/www.apostolydent.cz\/#website\",\"url\":\"https:\/\/www.apostolydent.cz\/\",\"name\":\"Apostolydent\",\"description\":\"\",\"potentialAction\":[{\"@type\":\"SearchAction\",\"target\":{\"@type\":\"EntryPoint\",\"urlTemplate\":\"https:\/\/www.apostolydent.cz\/?s={search_term_string}\"},\"query-input\":{\"@type\":\"PropertyValueSpecification\",\"valueRequired\":true,\"valueName\":\"search_term_string\"}}],\"inLanguage\":\"uk\"}]}<\/script>\n<!-- \/ Yoast SEO plugin. -->","yoast_head_json":{"title":"Slu\u017eby - Apostolydent","robots":{"index":"index","follow":"follow","max-snippet":"max-snippet:-1","max-image-preview":"max-image-preview:large","max-video-preview":"max-video-preview:-1"},"canonical":"https:\/\/www.apostolydent.cz\/uk\/sluzby\/","og_locale":"uk_UA","og_type":"article","og_title":"Slu\u017eby - Apostolydent","og_url":"https:\/\/www.apostolydent.cz\/uk\/sluzby\/","og_site_name":"Apostolydent","article_modified_time":"2024-07-14T19:10:01+00:00","twitter_card":"summary_large_image","twitter_misc":{"\u041f\u0440\u0438\u0431\u043b. \u0447\u0430\u0441 \u0447\u0438\u0442\u0430\u043d\u043d\u044f":"7 \u0445\u0432\u0438\u043b\u0438\u043d"},"schema":{"@context":"https:\/\/schema.org","@graph":[{"@type":"WebPage","@id":"https:\/\/www.apostolydent.cz\/sluzby\/","url":"https:\/\/www.apostolydent.cz\/sluzby\/","name":"Slu\u017eby - Apostolydent","isPartOf":{"@id":"https:\/\/www.apostolydent.cz\/#website"},"datePublished":"2024-05-26T09:42:41+00:00","dateModified":"2024-07-14T19:10:01+00:00","breadcrumb":{"@id":"https:\/\/www.apostolydent.cz\/sluzby\/#breadcrumb"},"inLanguage":"uk","potentialAction":[{"@type":"ReadAction","target":["https:\/\/www.apostolydent.cz\/sluzby\/"]}]},{"@type":"BreadcrumbList","@id":"https:\/\/www.apostolydent.cz\/sluzby\/#breadcrumb","itemListElement":[{"@type":"ListItem","position":1,"name":"\u0413\u043e\u043b\u043e\u0432\u043d\u0430","item":"https:\/\/www.apostolydent.cz\/"},{"@type":"ListItem","position":2,"name":"Slu\u017eby"}]},{"@type":"WebSite","@id":"https:\/\/www.apostolydent.cz\/#website","url":"https:\/\/www.apostolydent.cz\/","name":"Apostolydent","description":"","potentialAction":[{"@type":"SearchAction","target":{"@type":"EntryPoint","urlTemplate":"https:\/\/www.apostolydent.cz\/?s={search_term_string}"},"query-input":{"@type":"PropertyValueSpecification","valueRequired":true,"valueName":"search_term_string"}}],"inLanguage":"uk"}]}},"_links":{"self":[{"href":"https:\/\/www.apostolydent.cz\/uk\/wp-json\/wp\/v2\/pages\/15","targetHints":{"allow":["GET"]}}],"collection":[{"href":"https:\/\/www.apostolydent.cz\/uk\/wp-json\/wp\/v2\/pages"}],"about":[{"href":"https:\/\/www.apostolydent.cz\/uk\/wp-json\/wp\/v2\/types\/page"}],"author":[{"embeddable":true,"href":"https:\/\/www.apostolydent.cz\/uk\/wp-json\/wp\/v2\/users\/1"}],"replies":[{"embeddable":true,"href":"https:\/\/www.apostolydent.cz\/uk\/wp-json\/wp\/v2\/comments?post=15"}],"version-history":[{"count":12,"href":"https:\/\/www.apostolydent.cz\/uk\/wp-json\/wp\/v2\/pages\/15\/revisions"}],"predecessor-version":[{"id":257,"href":"https:\/\/www.apostolydent.cz\/uk\/wp-json\/wp\/v2\/pages\/15\/revisions\/257"}],"wp:attachment":[{"href":"https:\/\/www.apostolydent.cz\/uk\/wp-json\/wp\/v2\/media?parent=15"}],"curies":[{"name":"wp","href":"https:\/\/api.w.org\/{rel}","templated":true}]}}